{"id":1990,"date":"2022-02-20T12:24:07","date_gmt":"2022-02-20T12:24:07","guid":{"rendered":"https:\/\/khomaudep.com\/alvalipstick\/demo\/?page_id=1990"},"modified":"2022-04-05T16:10:15","modified_gmt":"2022-04-05T16:10:15","slug":"doi-tra-hang","status":"publish","type":"page","link":"https:\/\/pluginviet.com\/mau1\/doi-tra-hang\/","title":{"rendered":"\u0110\u1ed5i tr\u1ea3 h\u00e0ng"},"content":{"rendered":"<p>Nh\u1eb1m mang \u0111\u1ebfn nh\u1eefng tr\u1ea3i nghi\u1ec7m mua s\u1eafm t\u1ed1t nh\u1ea5t cho b\u1ea1n, ALVALIPSTICK.VN h\u1ed7 tr\u1ee3 d\u1ecbch v\u1ee5 \u0111\u1ed5i h\u00e0ng v\u00f4 c\u00f9ng thu\u1eadn ti\u1ec7n, trong v\u00f2ng 10 ng\u00e0y k\u1ec3 t\u1eeb ng\u00e0y nh\u1eadn h\u00e0ng.<\/p>\n<p>C\u00e1c s\u1ea3n ph\u1ea9m th\u1ef1c hi\u1ec7n \u0111\u1ed5i ph\u1ea3i l\u00e0 s\u1ea3n ph\u1ea9m kh\u00f4ng n\u1eb1m trong danh m\u1ee5c h\u1ea1n ch\u1ebf, kh\u00f4ng c\u00f3 d\u1ea5u hi\u1ec7u s\u1eed d\u1ee5ng v\u00e0 c\u00f2n nguy\u00ean tem, m\u00e1c, nguy\u00ean \u0111ai ki\u1ec7n ban \u0111\u1ea7u (tr\u1eeb tr\u01b0\u1eddng h\u1ee3p s\u1ea3n ph\u1ea9m b\u1ecb l\u1ed7i ho\u1eb7c h\u01b0 h\u1ea1i trong qu\u00e1 tr\u00ecnh v\u1eadn chuy\u1ec3n). Ngo\u00e0i ra, \u0111\u1ec3 th\u1ef1c hi\u1ec7n \u0111\u1ed5i, kh\u00e1ch h\u00e0ng c\u00f2n ph\u1ea3i gi\u1eef h\u00f3a \u0111\u01a1n mua h\u00e0ng t\u1ea1i ALVALIPSTICK.VN.<\/p>\n<p>Quy tr\u00ecnh \u0111\u1ed5i h\u00e0ng \u0111\u01b0\u1ee3c th\u1ef1c hi\u1ec7n khi ki\u1ec7n h\u00e0ng \u0111\u01b0\u1ee3c ho\u00e0n v\u1ec1 t\u1ea1i kho h\u00e0ng c\u1ee7a ALVALIPSTICK.VN. Ch\u00fang t\u00f4i s\u1ebd th\u1ef1c hi\u1ec7n c\u00e1c b\u01b0\u1edbc ti\u1ebfp theo \u0111\u1ec3 ki\u1ec3m tra ch\u1ea5t l\u01b0\u1ee3ng s\u1ea3n ph\u1ea9m v\u00e0 ti\u1ebfn h\u00e0nh \u0111\u1ed5i h\u00e0ng ho\u1eb7c ho\u00e0n ti\u1ec1n theo y\u00eau c\u1ea7u c\u1ee7a qu\u00fd kh\u00e1ch v\u00e0 theo quy \u0111\u1ecbnh t\u1ea1i m\u1ee5c II thu\u1ed9c ch\u00ednh s\u00e1ch n\u00e0y.<\/p>\n<p>M\u1ed9t s\u1ed1 \u0110i\u1ec1u ki\u1ec7n c\u00f3 th\u1ec3 \u0111i k\u00e8m, qu\u00fd kh\u00e1ch vui l\u00f2ng tham kh\u1ea3o th\u00f4ng tin chi ti\u1ebft b\u00ean d\u01b0\u1edbi:<\/p>\n<p><strong>I. \u0110I\u1ec0U KI\u1ec6N \u0110\u1ed4I H\u00c0NG<\/strong><\/p>\n<p>1. \u0110\u1ed5i theo nhu c\u1ea7u kh\u00e1ch h\u00e0ng (\u0111\u1ed5i h\u00e0ng v\u00ec kh\u00f4ng \u01b0ng \u00fd).<\/p>\n<p>T\u1ea5t c\u1ea3 m\u1eb7t h\u00e0ng mua t\u1eeb ALVALIPSTICK.VN v\u00e0 kh\u00f4ng n\u1eb1m trong danh m\u1ee5c h\u1ea1n ch\u1ebf \u0111\u1ec1u c\u00f3 th\u1ec3 \u0111\u1ed5i trong ng\u00e0y k\u1ec3 t\u1eeb ng\u00e0y nh\u1eadn h\u00e0ng (tr\u1eeb khi c\u00f3 quy \u0111\u1ecbnh g\u00ec kh\u00e1c). Ch\u00fang t\u00f4i ch\u1ec9 ch\u1ea5p nh\u1eadn \u0111\u1ed5i cho c\u00e1c s\u1ea3n ph\u1ea9m c\u00f2n nguy\u00ean \u0111i\u1ec1u ki\u1ec7n ban \u0111\u1ea7u, c\u00f2n h\u00f3a \u0111\u01a1n mua h\u00e0ng t\u1ea1i LALVALIPSTICK.VN v\u00e0 s\u1ea3n ph\u1ea9m ch\u01b0a qua s\u1eed d\u1ee5ng, bao g\u1ed3m v\u00e0 kh\u00f4ng gi\u1edbi h\u1ea1n \u1edf:<\/p>\n<p>\u00b7 S\u1ea3n ph\u1ea9m do ALVALIPSTICK.VN cung c\u1ea5p.<\/p>\n<p>\u00b7 H\u00f3a \u0111\u01a1n c\u00f2n nguy\u00ean v\u1eb9n kh\u00f4ng ch\u1eafp v\u00e1 ho\u1eb7c t\u1ea9y x\u00f3a\u2026<\/p>\n<p>\u00b7 S\u1ea3n ph\u1ea9m c\u00f2n nguy\u00ean v\u1eb9n tem, kh\u00f4ng tr\u1ea7y x\u01b0\u1edbc, bong tr\u00f3c\u2026<\/p>\n<p>\u00b7 S\u1ea3n ph\u1ea9m \u0111\u00e3 mua h\u00e0ng ch\u01b0a qu\u00e1 10 ng\u00e0y t\u00ednh t\u1eeb ng\u00e0y nh\u1eadn h\u00e0ng.<\/p>\n<p>\u00b7 C\u00f2n trong bao b\u00ec v\u00e0 bao b\u00ec kh\u00f4ng b\u1ecb m\u00f3p r\u00e1ch, c\u00f3 d\u00e1n m\u00e3 s\u1ea3n ph\u1ea9m c\u1ee7a ALVALIPSTICK.VN.<\/p>\n<p>\u00b7 Tem b\u1ea3o h\u00e0nh v\u00e0 c\u00e1c qu\u00e0 t\u1eb7ng \u0111i k\u00e8m (n\u1ebfu c\u00f3)v.v\u2026ph\u1ea3i c\u00f2n \u0111\u1ea7y \u0111\u1ee7 v\u00e0 nguy\u00ean v\u1eb9n.<\/p>\n<p>\u00b7 Kh\u00f4ng b\u1ecb d\u01a1 b\u1ea9n, tr\u1ea7y x\u01b0\u1edbc, b\u1ec3 v\u1ee1, h\u01b0 h\u1ecfng, c\u00f3 m\u00f9i l\u1ea1 ho\u1eb7c c\u00f3 d\u1ea5u hi\u1ec7u \u0111\u00e3 qua s\u1eed d\u1ee5ng.<\/p>\n<p>L\u01b0u \u00fd: Nh\u1eefng s\u1ea3n ph\u1ea9m \u0111\u1ed5i kh\u00f4ng \u0111\u00e1p \u1ee9ng c\u00e1c \u0111i\u1ec1u ki\u1ec7n n\u00eau tr\u00ean s\u1ebd \u0111\u01b0\u1ee3c t\u1ef1 \u0111\u1ed9ng chuy\u1ec3n ho\u00e0n v\u1ec1 \u0111\u1ecba ch\u1ec9 \u0111\u0103ng k\u00fd theo th\u00f4ng tin \u0111\u01a1n h\u00e0ng c\u1ee7a qu\u00fd kh\u00e1ch.<\/p>\n<p>Ch\u00ednh s\u00e1ch \u0111\u1ed5i tr\u1ea3 h\u00e0ng kh\u00f4ng \u00e1p d\u1ee5ng v\u1edbi c\u00e1c s\u1ea3n ph\u1ea9m trong ch\u01b0\u01a1ng tr\u00ecnh gi\u1ea3m gi\u00e1, khuy\u1ebfn m\u00e3i.<\/p>\n<p>2. \u0110\u1ed5i tr\u1ea3 kh\u00f4ng v\u00ec l\u00fd do ch\u1ee7 quan t\u1eeb kh\u00e1ch h\u00e0ng<\/p>\n<p>ALVALIPSTICK.VN khuy\u1ebfn kh\u00edch qu\u00fd kh\u00e1ch h\u00e0ng ph\u1ea3i ki\u1ec3m tra t\u00ecnh tr\u1ea1ng b\u00ean ngo\u00e0i c\u1ee7a th\u00f9ng h\u00e0ng v\u00e0 s\u1ea3n ph\u1ea9m tr\u01b0\u1edbc khi thanh to\u00e1n \u0111\u1ec3 \u0111\u1ea3m b\u1ea3o r\u1eb1ng h\u00e0ng h\u00f3a \u0111\u01b0\u1ee3c giao \u0111\u00fang ch\u1ee7ng lo\u1ea1i, s\u1ed1 l\u01b0\u1ee3ng, m\u00e0u s\u1eafc theo \u0111\u01a1n \u0111\u1eb7t h\u00e0ng v\u00e0 t\u00ecnh tr\u1ea1ng b\u00ean ngo\u00e0i kh\u00f4ng b\u1ecb t\u00e1c \u0111\u1ed9ng (b\u1ec3 v\u1ee1\/tr\u1ea7y x\u01b0\u1edbc). N\u1ebfu g\u1eb7p tr\u01b0\u1eddng h\u1ee3p n\u00e0y, qu\u00fd kh\u00e1ch vui l\u00f2ng nh\u1eadn h\u00e0ng v\u00e0\/ho\u1eb7c b\u00e1o ngay cho ch\u00fang t\u00f4i \u0111\u1ec3 ch\u00fang t\u00f4i c\u00f3 ph\u01b0\u01a1ng \u00e1n x\u1eed l\u00fd k\u1ecbp th\u1eddi. (Xin l\u01b0u \u00fd nh\u1eefng b\u01b0\u1edbc ki\u1ec3m tra s\u00e2u h\u01a1n nh\u01b0 d\u00f9ng th\u1eed s\u1ea3n ph\u1ea9m ch\u1ec9 c\u00f3 th\u1ec3 \u0111\u01b0\u1ee3c ch\u1ea5p nh\u1eadn sau khi \u0111\u01a1n h\u00e0ng \u0111\u01b0\u1ee3c thanh to\u00e1n \u0111\u1ea7y \u0111\u1ee7).<\/p>\n<p>Trong tr\u01b0\u1eddng h\u1ee3p kh\u00e1ch h\u00e0ng \u0111\u00e3 thanh to\u00e1n, nh\u1eadn h\u00e0ng v\u00e0 sau \u0111\u00f3 ph\u00e1t hi\u1ec7n h\u00e0ng h\u00f3a b\u1ec3 v\u1ee1, sai n\u1ed9i dung ho\u1eb7c thi\u1ebfu h\u00e0ng, xin vui l\u00f2ng ch\u1ee5p \u1ea3nh s\u1ea3n ph\u1ea9m g\u1eedi v\u1ec1 h\u1ed9p th\u01b0 c\u1ee7a ch\u00fang t\u00f4i \u0111\u1ec3 \u0111\u01b0\u1ee3c ch\u00fang t\u00f4i h\u1ed7 tr\u1ee3 c\u00e1c b\u01b0\u1edbc ti\u1ebfp theo nh\u01b0 \u0111\u1ed5i\/tr\u1ea3 h\u00e0ng ho\u1eb7c g\u1eedi s\u1ea3n ph\u1ea9m c\u00f2n thi\u1ebfu qu\u00fd kh\u00e1ch\u2026<\/p>\n<p>Sau 48h k\u1ec3 t\u1eeb ng\u00e0y qu\u00fd kh\u00e1ch nh\u1eadn h\u00e0ng, ALVALIPSTICK.VN c\u00f3 quy\u1ec1n t\u1eeb ch\u1ed1i h\u1ed7 tr\u1ee3 cho nh\u1eefng khi\u1ebfu n\u1ea1i theo n\u1ed9i dung nh\u01b0 tr\u00ean.<\/p>\n<p><strong>II. C\u00c1C B\u01af\u1edaC HO\u00c0N TR\u1ea2 S\u1ea2N PH\u1ea8M<\/strong><\/p>\n<p>\u0110\u00f3ng g\u00f3i s\u1ea3n ph\u1ea3m k\u00e8m \u0111\u1ea7y \u0111\u1ee7 h\u00f3a \u0111\u01a1n v\u00e0 g\u1eedi v\u1ec1 ALVALIPSTICK.VN.<\/p>\n<p>G\u1eedi ki\u1ec7n h\u00e0ng \u0111\u00e3 \u0111\u00f3ng g\u00f3i v\u1ec1 ALVALIPSTICK.VN<\/p>\n<p>N\u1ebfu b\u1ea1n \u1edf n\u1ed9i th\u00e0nh H\u00e0 N\u1ed9i, Th\u00e0nh ph\u1ed1 H\u1ed3 Ch\u00ed Minh:<\/p>\n<p>\u00b7 L\u1ef1a ch\u1ecdn 1: Tr\u1ef1c ti\u1ebfp \u0111\u1ebfn \u0111\u1ed5i h\u00e0ng t\u1ea1i shop ALVALIPSTICK.VN<\/p>\n<p>\u00b7 L\u1ef1a ch\u1ecdn 2: G\u1eedi ki\u1ec7n h\u00e0ng \u0111\u1ed5i cho ALVALIPSTICK.VN th\u00f4ng qua d\u1ecbch v\u1ee5 chuy\u1ec3n ph\u00e1t, chi ph\u00ed kh\u00e1ch h\u00e0ng ch\u1ee7 \u0111\u1ed9ng thanh to\u00e1n.<\/p>\n<p><strong>III. C\u00c1C B\u01af\u1edaC \u0110\u1ed4I S\u1ea2N PH\u1ea8M<\/strong><\/p>\n<p>Vui l\u00f2ng li\u00ean h\u1ec7 v\u1edbi ch\u00fang t\u00f4i qua s\u1ed1 hotline <a href=\"tel:0968731666\">0968.731.666<\/a>. Trong v\u00f2ng 10 ng\u00e0y k\u1ec3 t\u1eeb khi nh\u1eadn h\u00e0ng, n\u1ebfu b\u1ea1n mu\u1ed1n \u0111\u1ed5i s\u1ea3n ph\u1ea9m, t\u00f9y v\u00e0o khu v\u1ef1c giao h\u00e0ng, ch\u1ec9 c\u1ea7n l\u00e0m theo c\u00e1c b\u01b0\u1edbc:<\/p>\n<p>N\u1ebfu b\u1ea1n \u1edf n\u1ed9i th\u00e0nh H\u00e0 N\u1ed9i, Th\u00e0nh ph\u1ed1 H\u1ed3 Ch\u00ed Minh.<\/p>\n<p>\u00b7 Li\u00ean h\u1ec7 ch\u00fang t\u00f4i th\u00f4ng qua Hotline ho\u1eb7c Chat \u0111\u1ec3 \u0111\u01b0\u1ee3c h\u1ed7 tr\u1ee3 \u0111\u1ed5i s\u1ea3n ph\u1ea9m.<\/p>\n<p>N\u1ebfu b\u1ea1n \u1edf c\u00e1c t\u1ec9nh v\u00e0 th\u00e0nh ph\u1ed1 kh\u00e1c:<\/p>\n<p>\u00b7 Y\u00eau c\u1ea7u \u0111\u1ed5i h\u00e0ng b\u1eb1ng c\u00e1ch li\u00ean h\u1ec7 ALVALIPSTICK.VN \u0111\u1ec3 gi\u00fap gi\u1eef s\u1ea3n ph\u1ea9m b\u1ea1n mu\u1ed1n \u0111\u1ed5i trong v\u00f2ng 10 ng\u00e0y.<\/p>\n<p>\u00b7 Ti\u1ebfn h\u00e0nh \u0111\u00f3ng g\u00f3i \u0111\u1ec3 ho\u00e0n tr\u1ea3 s\u1ea3n ph\u1ea9m ban \u0111\u1ea7u v\u00e0 g\u1eedi v\u1ec1 cho ALVALIPSTICK.VN qua b\u01b0u \u0111i\u1ec7n.<\/p>\n\n\n<div class=\"kk-star-ratings kksr-auto kksr-align-right kksr-valign-bottom kksr-disabled\"\n    data-payload='{&quot;align&quot;:&quot;right&quot;,&quot;id&quot;:&quot;1990&quot;,&quot;readonly&quot;:&quot;1&quot;,&quot;slug&quot;:&quot;default&quot;,&quot;valign&quot;:&quot;bottom&quot;,&quot;ignore&quot;:&quot;&quot;,&quot;reference&quot;:&quot;auto&quot;,&quot;class&quot;:&quot;&quot;,&quot;count&quot;:&quot;0&quot;,&quot;legendonly&quot;:&quot;&quot;,&quot;score&quot;:&quot;0&quot;,&quot;starsonly&quot;:&quot;&quot;,&quot;best&quot;:&quot;5&quot;,&quot;gap&quot;:&quot;5&quot;,&quot;greet&quot;:&quot;Rate this page&quot;,&quot;legend&quot;:&quot;0\\\/5 - (0 b\\u00ecnh ch\\u1ecdn)&quot;,&quot;size&quot;:&quot;24&quot;,&quot;title&quot;:&quot;\\u0110\\u1ed5i tr\\u1ea3 h\\u00e0ng&quot;,&quot;width&quot;:&quot;0&quot;,&quot;_legend&quot;:&quot;{score}\\\/{best} - ({count} {votes})&quot;,&quot;font_factor&quot;:&quot;1.25&quot;}'>\n            \n<div class=\"kksr-stars\">\n    \n<div class=\"kksr-stars-inactive\">\n            <div class=\"kksr-star\" data-star=\"1\" style=\"padding-right: 5px\">\n            \n\n<div class=\"kksr-icon\" style=\"width: 24px; height: 24px;\"><\/div>\n        <\/div>\n            <div class=\"kksr-star\" data-star=\"2\" style=\"padding-right: 5px\">\n            \n\n<div class=\"kksr-icon\" style=\"width: 24px; height: 24px;\"><\/div>\n        <\/div>\n            <div class=\"kksr-star\" data-star=\"3\" style=\"padding-right: 5px\">\n            \n\n<div class=\"kksr-icon\" style=\"width: 24px; height: 24px;\"><\/div>\n        <\/div>\n            <div class=\"kksr-star\" data-star=\"4\" style=\"padding-right: 5px\">\n            \n\n<div class=\"kksr-icon\" style=\"width: 24px; height: 24px;\"><\/div>\n        <\/div>\n            <div class=\"kksr-star\" data-star=\"5\" style=\"padding-right: 5px\">\n            \n\n<div class=\"kksr-icon\" style=\"width: 24px; height: 24px;\"><\/div>\n        <\/div>\n    <\/div>\n    \n<div class=\"kksr-stars-active\" style=\"width: 0px;\">\n            <div class=\"kksr-star\" style=\"padding-right: 5px\">\n            \n\n<div class=\"kksr-icon\" style=\"width: 24px; height: 24px;\"><\/div>\n        <\/div>\n            <div class=\"kksr-star\" style=\"padding-right: 5px\">\n            \n\n<div class=\"kksr-icon\" style=\"width: 24px; height: 24px;\"><\/div>\n        <\/div>\n            <div class=\"kksr-star\" style=\"padding-right: 5px\">\n            \n\n<div class=\"kksr-icon\" style=\"width: 24px; height: 24px;\"><\/div>\n        <\/div>\n            <div class=\"kksr-star\" style=\"padding-right: 5px\">\n            \n\n<div class=\"kksr-icon\" style=\"width: 24px; height: 24px;\"><\/div>\n        <\/div>\n            <div class=\"kksr-star\" style=\"padding-right: 5px\">\n            \n\n<div class=\"kksr-icon\" style=\"width: 24px; height: 24px;\"><\/div>\n        <\/div>\n    <\/div>\n<\/div>\n                \n\n<div class=\"kksr-legend\" style=\"font-size: 19.2px;\">\n            <span class=\"kksr-muted\">Rate this page<\/span>\n    <\/div>\n    <\/div>\n","protected":false},"excerpt":{"rendered":"<p>Nh\u1eb1m mang \u0111\u1ebfn nh\u1eefng tr\u1ea3i nghi\u1ec7m mua s\u1eafm t\u1ed1t nh\u1ea5t cho b\u1ea1n, ALVALIPSTICK.VN h\u1ed7 tr\u1ee3 d\u1ecbch v\u1ee5 \u0111\u1ed5i h\u00e0ng v\u00f4 c\u00f9ng thu\u1eadn ti\u1ec7n, trong v\u00f2ng 10 ng\u00e0y k\u1ec3 t\u1eeb ng\u00e0y nh\u1eadn h\u00e0ng. C\u00e1c s\u1ea3n ph\u1ea9m th\u1ef1c hi\u1ec7n \u0111\u1ed5i ph\u1ea3i l\u00e0 s\u1ea3n ph\u1ea9m kh\u00f4ng n\u1eb1m trong danh m\u1ee5c h\u1ea1n ch\u1ebf, kh\u00f4ng c\u00f3 d\u1ea5u hi\u1ec7u s\u1eed d\u1ee5ng [&#8230;]\n","protected":false},"author":5,"featured_media":0,"parent":0,"menu_order":0,"comment_status":"closed","ping_status":"closed","template":"","meta":{"footnotes":""},"_links":{"self":[{"href":"https:\/\/pluginviet.com\/mau1\/wp-json\/wp\/v2\/pages\/1990"}],"collection":[{"href":"https:\/\/pluginviet.com\/mau1\/wp-json\/wp\/v2\/pages"}],"about":[{"href":"https:\/\/pluginviet.com\/mau1\/wp-json\/wp\/v2\/types\/page"}],"author":[{"embeddable":true,"href":"https:\/\/pluginviet.com\/mau1\/wp-json\/wp\/v2\/users\/5"}],"replies":[{"embeddable":true,"href":"https:\/\/pluginviet.com\/mau1\/wp-json\/wp\/v2\/comments?post=1990"}],"version-history":[{"count":3,"href":"https:\/\/pluginviet.com\/mau1\/wp-json\/wp\/v2\/pages\/1990\/revisions"}],"predecessor-version":[{"id":2922,"href":"https:\/\/pluginviet.com\/mau1\/wp-json\/wp\/v2\/pages\/1990\/revisions\/2922"}],"wp:attachment":[{"href":"https:\/\/pluginviet.com\/mau1\/wp-json\/wp\/v2\/media?parent=1990"}],"curies":[{"name":"wp","href":"https:\/\/api.w.org\/{rel}","templated":true}]}}